{"id":393,"date":"2023-10-17T18:20:24","date_gmt":"2023-10-17T16:20:24","guid":{"rendered":"https:\/\/kouikagency.com\/?page_id=393"},"modified":"2023-10-17T18:21:44","modified_gmt":"2023-10-17T16:21:44","slug":"prix-coup-de-coeur-ess-202315eme-edition","status":"publish","type":"page","link":"https:\/\/kouikagency.com\/index.php\/prix-coup-de-coeur-ess-202315eme-edition\/","title":{"rendered":"Prix coup de c\u0153ur ESS 2023   15\u00e8me \u00e9dition"},"content":{"rendered":"\n<p><\/p>\n\n\n\n<p>Kouik agency a soumis sa candidature \u00e0 #Bordeauxmetropole<\/p>\n\n\n\n<p>pour ce prix de l&rsquo;#ESS et esp\u00e8re gagner ce coup de c\u0153ur<\/p>\n\n\n\n<p>Suivez notre #actualit\u00e9<\/p>\n\n\n\n<p>#ecrivainpublic #num\u00e9rique #seniors #adomicile<\/p>\n\n\n\n<figure class=\"wp-block-image size-full\"><img data-recalc-dims=\"1\" loading=\"lazy\" decoding=\"async\" width=\"666\" height=\"254\" src=\"https:\/\/i0.wp.com\/kouikagency.com\/wp-content\/uploads\/2023\/10\/bordeaux-metropole_0.png?resize=666%2C254&#038;ssl=1\" alt=\"\" class=\"wp-image-394\" srcset=\"https:\/\/i0.wp.com\/kouikagency.com\/wp-content\/uploads\/2023\/10\/bordeaux-metropole_0.png?w=666&amp;ssl=1 666w, https:\/\/i0.wp.com\/kouikagency.com\/wp-content\/uploads\/2023\/10\/bordeaux-metropole_0.png?resize=300%2C114&amp;ssl=1 300w\" sizes=\"auto, (max-width: 666px) 100vw, 666px\" \/><\/figure>\n","protected":false},"excerpt":{"rendered":"<p>Kouik agency a soumis sa candidature \u00e0 #Bordeauxmetropole pour ce prix de l&rsquo;#ESS et esp\u00e8re gagner ce coup de c\u0153ur Suivez notre #actualit\u00e9 #ecrivainpublic #num\u00e9rique #seniors #adomicile<\/p>\n","protected":false},"author":1,"featured_media":0,"parent":0,"menu_order":0,"comment_status":"closed","ping_status":"closed","template":"","meta":{"footnotes":""},"class_list":["post-393","page","type-page","status-publish","hentry"],"jetpack_sharing_enabled":true,"_links":{"self":[{"href":"https:\/\/kouikagency.com\/index.php\/wp-json\/wp\/v2\/pages\/393","targetHints":{"allow":["GET"]}}],"collection":[{"href":"https:\/\/kouikagency.com\/index.php\/wp-json\/wp\/v2\/pages"}],"about":[{"href":"https:\/\/kouikagency.com\/index.php\/wp-json\/wp\/v2\/types\/page"}],"author":[{"embeddable":true,"href":"https:\/\/kouikagency.com\/index.php\/wp-json\/wp\/v2\/users\/1"}],"replies":[{"embeddable":true,"href":"https:\/\/kouikagency.com\/index.php\/wp-json\/wp\/v2\/comments?post=393"}],"version-history":[{"count":2,"href":"https:\/\/kouikagency.com\/index.php\/wp-json\/wp\/v2\/pages\/393\/revisions"}],"predecessor-version":[{"id":397,"href":"https:\/\/kouikagency.com\/index.php\/wp-json\/wp\/v2\/pages\/393\/revisions\/397"}],"wp:attachment":[{"href":"https:\/\/kouikagency.com\/index.php\/wp-json\/wp\/v2\/media?parent=393"}],"curies":[{"name":"wp","href":"https:\/\/api.w.org\/{rel}","templated":true}]}}